{"id":2,"date":"2012-06-04T19:20:53","date_gmt":"2012-06-04T17:20:53","guid":{"rendered":"http:\/\/deumann.de\/?page_id=2"},"modified":"2026-04-09T10:20:43","modified_gmt":"2026-04-09T08:20:43","slug":"beispiel-seite","status":"publish","type":"page","link":"http:\/\/deumann.de\/?page_id=2","title":{"rendered":"Ferienwohnung"},"content":{"rendered":"<p><img loading=\"lazy\" decoding=\"async\" class=\"wp-image-241 size-full alignnone\" src=\"http:\/\/deumann.de\/wp-content\/uploads\/2012\/06\/u_d.png\" alt=\"Ferienwohnungen\" width=\"279\" height=\"66\" \/><\/p>\n<p>Direkt am Kurpark, zwischen Sonnenuhr, Kurhaus und der DIANA Klinik gelegen, steht Ihnen in unserem Haus eine 2- Zimmer Wohnung und ein 1-Zimmer Appartement mit allem Komfort zur Verf\u00fcgung.<br \/>\nAlle wichtigen \u00d6rtlichkeiten sind innerhalb weniger Minuten zu erreichen.<\/p>\n<table border=\"0\" width=\"800\" cellspacing=\"15\" cellpadding=\"3\" align=\"center\">\n<tbody>\n<tr>\n<div id=\"envira-gallery-wrap-1278\" class=\"envira-gallery-wrap envira-gallery-theme-base envira-lightbox-theme-base\" itemscope itemtype=\"https:\/\/schema.org\/ImageGallery\"><div data-row-height=\"\" data-gallery-theme=\"\" id=\"envira-gallery-1278\" class=\"envira-gallery-public  envira-gallery-3-columns envira-clear enviratope envira-gallery-css-animations\" data-envira-columns=\"3\"><div id=\"envira-gallery-item-1279\" class=\"envira-gallery-item enviratope-item envira-gallery-item-1 envira-lazy-load\" style=\"padding-left: 5px; padding-bottom: 10px; padding-right: 5px;\"  itemscope itemtype=\"https:\/\/schema.org\/ImageObject\"><div class=\"envira-gallery-item-inner\"><div class=\"envira-gallery-position-overlay  envira-gallery-top-left\"><\/div><div class=\"envira-gallery-position-overlay  envira-gallery-top-right\"><\/div><div class=\"envira-gallery-position-overlay  envira-gallery-bottom-left\"><\/div><div class=\"envira-gallery-position-overlay  envira-gallery-bottom-right\"><\/div><a href=\"http:\/\/deumann.de\/wp-content\/uploads\/2026\/04\/1ZimmerApp-00.jpg\" class=\"envira-gallery-1278 envira-gallery-link\" rel=\"enviragallery1278\" title=\"1ZimmerAppartement-mit Balkon\" data-envira-caption=\"1ZimmerAppartement-mit Balkon\" data-envira-retina=\"\" data-thumbnail=\"\"  itemprop=\"contentUrl\"><div class=\"envira-lazy\" data-test-width=\"250\" data-test-height=\"177\" style=\"padding-bottom:70.8%;\"><img decoding=\"async\" id=\"envira-gallery-image-1279\" class=\"envira-gallery-image envira-gallery-image-1\" data-envira-index=\"1\" src=\"http:\/\/deumann.de\/wp-content\/uploads\/2026\/04\/1ZimmerApp-00-300x225-250x177.jpg\" data-envira-src=\"http:\/\/deumann.de\/wp-content\/uploads\/2026\/04\/1ZimmerApp-00-300x225-250x177.jpg\" data-envira-gallery-id=\"1278\" data-envira-item-id=\"1279\" data-envira-caption=\"1ZimmerAppartement-mit Balkon\" alt=\"\" title=\"1ZimmerAppartement-mit Balkon\"  itemprop=\"thumbnailUrl\" data-envira-srcset=\"http:\/\/deumann.de\/wp-content\/uploads\/2026\/04\/1ZimmerApp-00-300x225-250x177.jpg 400w,http:\/\/deumann.de\/wp-content\/uploads\/2026\/04\/1ZimmerApp-00-300x225-250x177.jpg 2x\" srcset=\"data:image\/gif;base64,R0lGODlhAQABAIAAAP\/\/\/\/\/\/\/yH5BAEKAAEALAAAAAABAAEAAAICTAEAOw==\" \/><\/div><\/a><\/div><\/div><div id=\"envira-gallery-item-1280\" class=\"envira-gallery-item enviratope-item envira-gallery-item-2 envira-lazy-load\" style=\"padding-left: 5px; padding-bottom: 10px; padding-right: 5px;\"  itemscope itemtype=\"https:\/\/schema.org\/ImageObject\"><div class=\"envira-gallery-item-inner\"><div class=\"envira-gallery-position-overlay  envira-gallery-top-left\"><\/div><div class=\"envira-gallery-position-overlay  envira-gallery-top-right\"><\/div><div class=\"envira-gallery-position-overlay  envira-gallery-bottom-left\"><\/div><div class=\"envira-gallery-position-overlay  envira-gallery-bottom-right\"><\/div><a href=\"http:\/\/deumann.de\/wp-content\/uploads\/2026\/04\/1ZimmerApp-01.jpg\" class=\"envira-gallery-1278 envira-gallery-link\" rel=\"enviragallery1278\" title=\"1ZimmerAppartement-mit Balkon\" data-envira-caption=\"1ZimmerAppartement-mit Balkon\" data-envira-retina=\"\" data-thumbnail=\"\"  itemprop=\"contentUrl\"><div class=\"envira-lazy\" data-test-width=\"250\" data-test-height=\"177\" style=\"padding-bottom:70.8%;\"><img decoding=\"async\" id=\"envira-gallery-image-1280\" class=\"envira-gallery-image envira-gallery-image-2\" data-envira-index=\"2\" src=\"http:\/\/deumann.de\/wp-content\/uploads\/2026\/04\/1ZimmerApp-01-300x225-250x177.jpg\" data-envira-src=\"http:\/\/deumann.de\/wp-content\/uploads\/2026\/04\/1ZimmerApp-01-300x225-250x177.jpg\" data-envira-gallery-id=\"1278\" data-envira-item-id=\"1280\" data-envira-caption=\"1ZimmerAppartement-mit Balkon\" alt=\"\" title=\"1ZimmerAppartement-mit Balkon\"  itemprop=\"thumbnailUrl\" data-envira-srcset=\"http:\/\/deumann.de\/wp-content\/uploads\/2026\/04\/1ZimmerApp-01-300x225-250x177.jpg 400w,http:\/\/deumann.de\/wp-content\/uploads\/2026\/04\/1ZimmerApp-01-300x225-250x177.jpg 2x\" srcset=\"data:image\/gif;base64,R0lGODlhAQABAIAAAP\/\/\/\/\/\/\/yH5BAEKAAEALAAAAAABAAEAAAICTAEAOw==\" \/><\/div><\/a><\/div><\/div><div id=\"envira-gallery-item-1283\" class=\"envira-gallery-item enviratope-item envira-gallery-item-3 envira-lazy-load\" style=\"padding-left: 5px; padding-bottom: 10px; padding-right: 5px;\"  itemscope itemtype=\"https:\/\/schema.org\/ImageObject\"><div class=\"envira-gallery-item-inner\"><div class=\"envira-gallery-position-overlay  envira-gallery-top-left\"><\/div><div class=\"envira-gallery-position-overlay  envira-gallery-top-right\"><\/div><div class=\"envira-gallery-position-overlay  envira-gallery-bottom-left\"><\/div><div class=\"envira-gallery-position-overlay  envira-gallery-bottom-right\"><\/div><a href=\"http:\/\/deumann.de\/wp-content\/uploads\/2026\/04\/kueche.jpg\" class=\"envira-gallery-1278 envira-gallery-link\" rel=\"enviragallery1278\" title=\"kueche\" data-envira-caption=\"kueche\" data-envira-retina=\"\" data-thumbnail=\"\"  itemprop=\"contentUrl\"><div class=\"envira-lazy\" data-test-width=\"250\" data-test-height=\"177\" style=\"padding-bottom:70.8%;\"><img decoding=\"async\" id=\"envira-gallery-image-1283\" class=\"envira-gallery-image envira-gallery-image-3\" data-envira-index=\"3\" src=\"http:\/\/deumann.de\/wp-content\/uploads\/2026\/04\/kueche-300x225-250x177.jpg\" data-envira-src=\"http:\/\/deumann.de\/wp-content\/uploads\/2026\/04\/kueche-300x225-250x177.jpg\" data-envira-gallery-id=\"1278\" data-envira-item-id=\"1283\" data-envira-caption=\"kueche\" alt=\"\" title=\"kueche\"  itemprop=\"thumbnailUrl\" data-envira-srcset=\"http:\/\/deumann.de\/wp-content\/uploads\/2026\/04\/kueche-300x225-250x177.jpg 400w,http:\/\/deumann.de\/wp-content\/uploads\/2026\/04\/kueche-300x225-250x177.jpg 2x\" srcset=\"data:image\/gif;base64,R0lGODlhAQABAIAAAP\/\/\/\/\/\/\/yH5BAEKAAEALAAAAAABAAEAAAICTAEAOw==\" \/><\/div><\/a><\/div><\/div><div id=\"envira-gallery-item-1281\" class=\"envira-gallery-item enviratope-item envira-gallery-item-4 envira-lazy-load\" style=\"padding-left: 5px; padding-bottom: 10px; padding-right: 5px;\"  itemscope itemtype=\"https:\/\/schema.org\/ImageObject\"><div class=\"envira-gallery-item-inner\"><div class=\"envira-gallery-position-overlay  envira-gallery-top-left\"><\/div><div class=\"envira-gallery-position-overlay  envira-gallery-top-right\"><\/div><div class=\"envira-gallery-position-overlay  envira-gallery-bottom-left\"><\/div><div class=\"envira-gallery-position-overlay  envira-gallery-bottom-right\"><\/div><a href=\"http:\/\/deumann.de\/wp-content\/uploads\/2026\/04\/2ZimmerApp-01.jpg\" class=\"envira-gallery-1278 envira-gallery-link\" rel=\"enviragallery1278\" title=\"2ZimmerAppartement-mit Balkon\" data-envira-caption=\"2ZimmerAppartement-mit Balkon\" data-envira-retina=\"\" data-thumbnail=\"\"  itemprop=\"contentUrl\"><div class=\"envira-lazy\" data-test-width=\"250\" data-test-height=\"177\" style=\"padding-bottom:70.8%;\"><img decoding=\"async\" id=\"envira-gallery-image-1281\" class=\"envira-gallery-image envira-gallery-image-4\" data-envira-index=\"4\" src=\"http:\/\/deumann.de\/wp-content\/uploads\/2026\/04\/2ZimmerApp-01-300x225-250x177.jpg\" data-envira-src=\"http:\/\/deumann.de\/wp-content\/uploads\/2026\/04\/2ZimmerApp-01-300x225-250x177.jpg\" data-envira-gallery-id=\"1278\" data-envira-item-id=\"1281\" data-envira-caption=\"2ZimmerAppartement-mit Balkon\" alt=\"\" title=\"2ZimmerAppartement-mit Balkon\"  itemprop=\"thumbnailUrl\" data-envira-srcset=\"http:\/\/deumann.de\/wp-content\/uploads\/2026\/04\/2ZimmerApp-01-300x225-250x177.jpg 400w,http:\/\/deumann.de\/wp-content\/uploads\/2026\/04\/2ZimmerApp-01-300x225-250x177.jpg 2x\" srcset=\"data:image\/gif;base64,R0lGODlhAQABAIAAAP\/\/\/\/\/\/\/yH5BAEKAAEALAAAAAABAAEAAAICTAEAOw==\" \/><\/div><\/a><\/div><\/div><div id=\"envira-gallery-item-1282\" class=\"envira-gallery-item enviratope-item envira-gallery-item-5 envira-lazy-load\" style=\"padding-left: 5px; padding-bottom: 10px; padding-right: 5px;\"  itemscope itemtype=\"https:\/\/schema.org\/ImageObject\"><div class=\"envira-gallery-item-inner\"><div class=\"envira-gallery-position-overlay  envira-gallery-top-left\"><\/div><div class=\"envira-gallery-position-overlay  envira-gallery-top-right\"><\/div><div class=\"envira-gallery-position-overlay  envira-gallery-bottom-left\"><\/div><div class=\"envira-gallery-position-overlay  envira-gallery-bottom-right\"><\/div><a href=\"http:\/\/deumann.de\/wp-content\/uploads\/2026\/04\/2ZimmerApp-02.jpg\" class=\"envira-gallery-1278 envira-gallery-link\" rel=\"enviragallery1278\" title=\"2ZimmerAppartement-mit Balkon\" data-envira-caption=\"2ZimmerAppartement-mit Balkon\" data-envira-retina=\"\" data-thumbnail=\"\"  itemprop=\"contentUrl\"><div class=\"envira-lazy\" data-test-width=\"250\" data-test-height=\"177\" style=\"padding-bottom:70.8%;\"><img decoding=\"async\" id=\"envira-gallery-image-1282\" class=\"envira-gallery-image envira-gallery-image-5\" data-envira-index=\"5\" src=\"http:\/\/deumann.de\/wp-content\/uploads\/2026\/04\/2ZimmerApp-02-300x225-250x177.jpg\" data-envira-src=\"http:\/\/deumann.de\/wp-content\/uploads\/2026\/04\/2ZimmerApp-02-300x225-250x177.jpg\" data-envira-gallery-id=\"1278\" data-envira-item-id=\"1282\" data-envira-caption=\"2ZimmerAppartement-mit Balkon\" alt=\"\" title=\"2ZimmerAppartement-mit Balkon\"  itemprop=\"thumbnailUrl\" data-envira-srcset=\"http:\/\/deumann.de\/wp-content\/uploads\/2026\/04\/2ZimmerApp-02-300x225-250x177.jpg 400w,http:\/\/deumann.de\/wp-content\/uploads\/2026\/04\/2ZimmerApp-02-300x225-250x177.jpg 2x\" srcset=\"data:image\/gif;base64,R0lGODlhAQABAIAAAP\/\/\/\/\/\/\/yH5BAEKAAEALAAAAAABAAEAAAICTAEAOw==\" \/><\/div><\/a><\/div><\/div><div id=\"envira-gallery-item-1284\" class=\"envira-gallery-item enviratope-item envira-gallery-item-6 envira-lazy-load\" style=\"padding-left: 5px; padding-bottom: 10px; padding-right: 5px;\"  itemscope itemtype=\"https:\/\/schema.org\/ImageObject\"><div class=\"envira-gallery-item-inner\"><div class=\"envira-gallery-position-overlay  envira-gallery-top-left\"><\/div><div class=\"envira-gallery-position-overlay  envira-gallery-top-right\"><\/div><div class=\"envira-gallery-position-overlay  envira-gallery-bottom-left\"><\/div><div class=\"envira-gallery-position-overlay  envira-gallery-bottom-right\"><\/div><a href=\"http:\/\/deumann.de\/wp-content\/uploads\/2026\/04\/Haus_Dahlenburger.jpg\" class=\"envira-gallery-1278 envira-gallery-link\" rel=\"enviragallery1278\" title=\"Haus Dahlenburger Stra&szlig;e am Kurhaus\/Jod-Sole-Bad im Kurpark\" data-envira-caption=\"Haus Dahlenburger Stra&szlig;e am Kurhaus\/Jod-Sole-Bad im Kurpark\" data-envira-retina=\"\" data-thumbnail=\"\"  itemprop=\"contentUrl\"><div class=\"envira-lazy\" data-test-width=\"250\" data-test-height=\"177\" style=\"padding-bottom:70.8%;\"><img decoding=\"async\" id=\"envira-gallery-image-1284\" class=\"envira-gallery-image envira-gallery-image-6\" data-envira-index=\"6\" src=\"http:\/\/deumann.de\/wp-content\/uploads\/2026\/04\/Haus_Dahlenburger-300x225-250x177.jpg\" data-envira-src=\"http:\/\/deumann.de\/wp-content\/uploads\/2026\/04\/Haus_Dahlenburger-300x225-250x177.jpg\" data-envira-gallery-id=\"1278\" data-envira-item-id=\"1284\" data-envira-caption=\"Haus Dahlenburger Stra&szlig;e am Kurhaus\/Jod-Sole-Bad im Kurpark\" alt=\"\" title=\"Haus Dahlenburger Stra&amp;szlig;e am Kurhaus\/Jod-Sole-Bad im Kurpark\"  itemprop=\"thumbnailUrl\" data-envira-srcset=\"http:\/\/deumann.de\/wp-content\/uploads\/2026\/04\/Haus_Dahlenburger-300x225-250x177.jpg 400w,http:\/\/deumann.de\/wp-content\/uploads\/2026\/04\/Haus_Dahlenburger-300x225-250x177.jpg 2x\" srcset=\"data:image\/gif;base64,R0lGODlhAQABAIAAAP\/\/\/\/\/\/\/yH5BAEKAAEALAAAAAABAAEAAAICTAEAOw==\" \/><\/div><\/a><\/div><\/div><\/div><\/div><noscript><img decoding=\"async\" src=\"http:\/\/deumann.de\/wp-content\/uploads\/2026\/04\/1ZimmerApp-00.jpg\" alt=\"\" \/><img decoding=\"async\" src=\"http:\/\/deumann.de\/wp-content\/uploads\/2026\/04\/1ZimmerApp-01.jpg\" alt=\"\" \/><img decoding=\"async\" src=\"http:\/\/deumann.de\/wp-content\/uploads\/2026\/04\/kueche.jpg\" alt=\"\" \/><img decoding=\"async\" src=\"http:\/\/deumann.de\/wp-content\/uploads\/2026\/04\/2ZimmerApp-01.jpg\" alt=\"\" \/><img decoding=\"async\" src=\"http:\/\/deumann.de\/wp-content\/uploads\/2026\/04\/2ZimmerApp-02.jpg\" alt=\"\" \/><img decoding=\"async\" src=\"http:\/\/deumann.de\/wp-content\/uploads\/2026\/04\/Haus_Dahlenburger.jpg\" alt=\"\" \/><\/noscript><\/tr>\n<\/tbody>\n<\/table>\n<p>Zum Kurzentrum und den B\u00e4dern ca. 2 Minuten. Die 2-Zimmer-Wohnung liegt ebenso wie das 1-Zimmer Appartement im 1.Obergescho\u00df, beide mit\u00a0 Balkon.<br \/>\nBewu\u00dft haben wir auch hier gr\u00f6\u00dften Wert auf die Qualit\u00e4t der Einrichtung und die Bequemlichkeit unserer G\u00e4ste gelegt, z.B. finden Sie Farbfernseher (TV-Kabel), W-Lan, Radiowecker, separate K\u00fcche mit kompletter Ausstattung, WC und Dusche sowie Bettw\u00e4sche und Handt\u00fccher. Die gediegene Einrichtung wird Sie auch bei l\u00e4ngerem Aufenthalt nichts an heimischer Behaglichkeit vermissen lassen.<\/p>\n<p>Die Ferienwohnungen stehen in der Zeit vom 01.03 &#8211; 31.10. zur Verf\u00fcgung.<\/p>\n","protected":false},"excerpt":{"rendered":"<p>Direkt am Kurpark, zwischen Sonnenuhr, Kurhaus und der DIANA Klinik gelegen, steht Ihnen in unserem Haus eine 2- Zimmer Wohnung und ein 1-Zimmer Appartement mit allem Komfort zur Verf\u00fcgung. Alle wichtigen \u00d6rtlichkeiten sind innerhalb weniger Minuten zu erreichen. Zum Kurzentrum<span class=\"ellipsis\">&hellip;<\/span><\/p>\n<div class=\"read-more\"><a href=\"http:\/\/deumann.de\/?page_id=2\">Weiterlesen \u203a<\/a><\/div>\n<p><!-- end of .read-more --><\/p>\n","protected":false},"author":1,"featured_media":0,"parent":0,"menu_order":2,"comment_status":"closed","ping_status":"closed","template":"full-width-page.php","meta":{"footnotes":""},"class_list":["post-2","page","type-page","status-publish","hentry"],"jetpack_sharing_enabled":true,"_links":{"self":[{"href":"http:\/\/deumann.de\/index.php?rest_route=\/wp\/v2\/pages\/2","targetHints":{"allow":["GET"]}}],"collection":[{"href":"http:\/\/deumann.de\/index.php?rest_route=\/wp\/v2\/pages"}],"about":[{"href":"http:\/\/deumann.de\/index.php?rest_route=\/wp\/v2\/types\/page"}],"author":[{"embeddable":true,"href":"http:\/\/deumann.de\/index.php?rest_route=\/wp\/v2\/users\/1"}],"replies":[{"embeddable":true,"href":"http:\/\/deumann.de\/index.php?rest_route=%2Fwp%2Fv2%2Fcomments&post=2"}],"version-history":[{"count":76,"href":"http:\/\/deumann.de\/index.php?rest_route=\/wp\/v2\/pages\/2\/revisions"}],"predecessor-version":[{"id":1288,"href":"http:\/\/deumann.de\/index.php?rest_route=\/wp\/v2\/pages\/2\/revisions\/1288"}],"wp:attachment":[{"href":"http:\/\/deumann.de\/index.php?rest_route=%2Fwp%2Fv2%2Fmedia&parent=2"}],"curies":[{"name":"wp","href":"https:\/\/api.w.org\/{rel}","templated":true}]}}