{"id":341,"date":"2013-05-20T19:06:05","date_gmt":"2013-05-20T17:06:05","guid":{"rendered":"http:\/\/deumann.de\/?page_id=341"},"modified":"2020-12-14T13:43:40","modified_gmt":"2020-12-14T12:43:40","slug":"anfahrt","status":"publish","type":"page","link":"http:\/\/deumann.de\/?page_id=341","title":{"rendered":"Anfahrt"},"content":{"rendered":"<p><a href=\"http:\/\/deumann.de\/wp-content\/uploads\/2020\/12\/anfahrt.png\"><img loading=\"lazy\" decoding=\"async\" class=\"alignnone wp-image-700 size-full\" src=\"http:\/\/deumann.de\/wp-content\/uploads\/2020\/12\/anfahrt.png\" alt=\"\" width=\"397\" height=\"119\" srcset=\"http:\/\/deumann.de\/wp-content\/uploads\/2020\/12\/anfahrt.png 397w, http:\/\/deumann.de\/wp-content\/uploads\/2020\/12\/anfahrt-300x90.png 300w, http:\/\/deumann.de\/wp-content\/uploads\/2020\/12\/anfahrt-250x75.png 250w\" sizes=\"auto, (max-width: 397px) 100vw, 397px\" \/><\/a><\/p>\n<p>&nbsp;<\/p>\n<p>&nbsp;<\/p>\n<p>&nbsp;<\/p>\n<p><a href=\"http:\/\/maps.google.de\/maps?f=q&amp;hl=de&amp;geocode=&amp;q=29549+Bad+Bevensen+Dahlenburgerstrasse+5&amp;sll=53.079674,10.587173&amp;sspn=0.004847,0.013947&amp;num=10&amp;ie=UTF8&amp;hq=&amp;hnear=Dahlenburger+Stra%C3%9Fe+5,+29549+Bad+Bevensen,+Uelzen,+Niedersachsen&amp;t=h&amp;ll=53.081201,10.587366&amp;spn=0.006187,0.013733&amp;z=16&amp;iwloc=A&amp;source=embed\" target=\"_blank\" rel=\"noopener\"><br \/>\n<b>F\u00fcr einen gr\u00f6\u00dferen Kartenansicht und einer Routenplanung hier Klicken!<\/b><\/a><\/p>\n<table border=\"0\" width=\"510\">\n<tbody>\n<tr>\n<td><iframe loading=\"lazy\" src=\"http:\/\/maps.google.de\/maps?f=q&amp;hl=de&amp;geocode=&amp;q=29549+Bad+Bevensen+Dahlenburgerstrasse+5&amp;sll=53.079674,10.587173&amp;sspn=0.004847,0.013947&amp;num=10&amp;ie=UTF8&amp;hq=&amp;hnear=Dahlenburger+Stra%C3%9Fe+5,+29549+Bad+Bevensen,+Uelzen,+Niedersachsen&amp;t=h&amp;ll=53.081201,10.587366&amp;spn=0.006187,0.013733&amp;z=16&amp;iwloc=A&amp;output=embed\" width=\"600\" height=\"363\" frameborder=\"0\" marginwidth=\"0\" marginheight=\"0\" scrolling=\"no\"><\/iframe><\/td>\n<\/tr>\n<tr>\n<td><\/td>\n<\/tr>\n<\/tbody>\n<\/table>\n","protected":false},"excerpt":{"rendered":"<p>&nbsp; &nbsp; &nbsp; F\u00fcr einen gr\u00f6\u00dferen Kartenansicht und einer Routenplanung hier Klicken!<\/p>\n","protected":false},"author":1,"featured_media":0,"parent":0,"menu_order":6,"comment_status":"closed","ping_status":"closed","template":"full-width-page.php","meta":{"footnotes":""},"class_list":["post-341","page","type-page","status-publish","hentry"],"jetpack_sharing_enabled":true,"_links":{"self":[{"href":"http:\/\/deumann.de\/index.php?rest_route=\/wp\/v2\/pages\/341","targetHints":{"allow":["GET"]}}],"collection":[{"href":"http:\/\/deumann.de\/index.php?rest_route=\/wp\/v2\/pages"}],"about":[{"href":"http:\/\/deumann.de\/index.php?rest_route=\/wp\/v2\/types\/page"}],"author":[{"embeddable":true,"href":"http:\/\/deumann.de\/index.php?rest_route=\/wp\/v2\/users\/1"}],"replies":[{"embeddable":true,"href":"http:\/\/deumann.de\/index.php?rest_route=%2Fwp%2Fv2%2Fcomments&post=341"}],"version-history":[{"count":12,"href":"http:\/\/deumann.de\/index.php?rest_route=\/wp\/v2\/pages\/341\/revisions"}],"predecessor-version":[{"id":701,"href":"http:\/\/deumann.de\/index.php?rest_route=\/wp\/v2\/pages\/341\/revisions\/701"}],"wp:attachment":[{"href":"http:\/\/deumann.de\/index.php?rest_route=%2Fwp%2Fv2%2Fmedia&parent=341"}],"curies":[{"name":"wp","href":"https:\/\/api.w.org\/{rel}","templated":true}]}}